{"id":128,"date":"2023-03-10T09:04:12","date_gmt":"2023-03-10T08:04:12","guid":{"rendered":"https:\/\/cyberzadi.net\/newsletter\/"},"modified":"2024-04-25T09:04:02","modified_gmt":"2024-04-25T08:04:02","slug":"newsletter","status":"publish","type":"page","link":"https:\/\/cyberzadi.net\/de\/newsletter\/","title":{"rendered":"CyberZadi Newsletter"},"content":{"rendered":"<center><\/p>\n<table class=\"ctable65\">\n<tr>\n<td>\n<strong><span style=\"font-size: medium;\">Abonnieren Sie unseren Newsletter f\u00fcr die neuesten Blog Posts.<\/span><\/strong><\/p>\n<p><b><i class=\"fa fa-lightbulb-o fa-2x\"><\/i><\/b> &nbsp; BITTE \u00dcBERPR\u00dcFEN SIE DIE BEST\u00c4TIGUNS E-MAIL NACH DEM SUBSCRIBEN, SIE K\u00d6NNTE AUCH IM SPAM ORDNER GELANDET SEIN.<br \/>\n<b><i class=\"fa fa-hand-o-right fa-2x\"><\/i><\/b> &nbsp; Mit dem Hinzuf\u00fcgen unserer Newsletter E-Mail-Adresse newsletter@cyberzadi.net zu Ihrem Adressbuch wird verhindert da\u00df unser Newsletter ungewollt im Spam-Ordner landet. Vielen Dank \ud83d\ude42\n<\/td>\n<\/tr>\n<tr>\n<td class=\"padv20\">  <\/td>\n<\/tr>\n<tr>\n<td>\n  \n  \n  <div class=\"\n    mailpoet_form_popup_overlay\n      \"><\/div>\n  <div\n    id=\"mailpoet_form_1\"\n    class=\"\n      mailpoet_form\n      mailpoet_form_shortcode\n      mailpoet_form_position_\n      mailpoet_form_animation_\n    \"\n      >\n\n    <style type=\"text\/css\">\n     #mailpoet_form_1 .mailpoet_form {  }\n#mailpoet_form_1 .mailpoet_column_with_background { padding: 10px; }\n#mailpoet_form_1 .mailpoet_form_column:not(:first-child) { margin-left: 20px; }\n#mailpoet_form_1 .mailpoet_paragraph { line-height: 20px; margin-bottom: 20px; }\n#mailpoet_form_1 .mailpoet_segment_label, #mailpoet_form_1 .mailpoet_text_label, #mailpoet_form_1 .mailpoet_textarea_label, #mailpoet_form_1 .mailpoet_select_label, #mailpoet_form_1 .mailpoet_radio_label, #mailpoet_form_1 .mailpoet_checkbox_label, #mailpoet_form_1 .mailpoet_list_label, #mailpoet_form_1 .mailpoet_date_label { display: block; font-weight: normal; }\n#mailpoet_form_1 .mailpoet_text, #mailpoet_form_1 .mailpoet_textarea, #mailpoet_form_1 .mailpoet_select, #mailpoet_form_1 .mailpoet_date_month, #mailpoet_form_1 .mailpoet_date_day, #mailpoet_form_1 .mailpoet_date_year, #mailpoet_form_1 .mailpoet_date { display: block; }\n#mailpoet_form_1 .mailpoet_text, #mailpoet_form_1 .mailpoet_textarea { width: 200px; }\n#mailpoet_form_1 .mailpoet_checkbox {  }\n#mailpoet_form_1 .mailpoet_submit {  }\n#mailpoet_form_1 .mailpoet_divider {  }\n#mailpoet_form_1 .mailpoet_message {  }\n#mailpoet_form_1 .mailpoet_form_loading { width: 30px; text-align: center; line-height: normal; }\n#mailpoet_form_1 .mailpoet_form_loading > span { width: 5px; height: 5px; background-color: #5b5b5b; }#mailpoet_form_1{border-radius: 0px;text-align: left;}#mailpoet_form_1 form.mailpoet_form {padding: 20px;}#mailpoet_form_1{width: 80%;}#mailpoet_form_1 .mailpoet_message {margin: 0; padding: 0 20px;}#mailpoet_form_1 .mailpoet_paragraph.last {margin-bottom: 0} @media (max-width: 500px) {#mailpoet_form_1 {background-image: none;}} @media (min-width: 500px) {#mailpoet_form_1 .last .mailpoet_paragraph:last-child {margin-bottom: 0}}  @media (max-width: 500px) {#mailpoet_form_1 .mailpoet_form_column:last-child .mailpoet_paragraph:last-child {margin-bottom: 0}} \n    <\/style>\n\n    <form\n      target=\"_self\"\n      method=\"post\"\n      action=\"https:\/\/cyberzadi.net\/wp-admin\/admin-post.php?action=mailpoet_subscription_form\"\n      class=\"mailpoet_form mailpoet_form_form mailpoet_form_shortcode\"\n      novalidate\n      data-delay=\"\"\n      data-exit-intent-enabled=\"\"\n      data-font-family=\"\"\n      data-cookie-expiration-time=\"\"\n    >\n      <input type=\"hidden\" name=\"data[form_id]\" value=\"1\" \/>\n      <input type=\"hidden\" name=\"token\" value=\"16a6dfb8ae\" \/>\n      <input type=\"hidden\" name=\"api_version\" value=\"v1\" \/>\n      <input type=\"hidden\" name=\"endpoint\" value=\"subscribers\" \/>\n      <input type=\"hidden\" name=\"mailpoet_method\" value=\"subscribe\" \/>\n\n      <label class=\"mailpoet_hp_email_label\" style=\"display: none !important;\">Please leave this field empty<input type=\"email\" name=\"data[email]\"\/><\/label><div class=\"mailpoet_paragraph \"><label for=\"form_email_1\" class=\"mailpoet-screen-reader-text\" data-automation-id=\"form_email_label\" >Email Address <span class=\"mailpoet_required\">*<\/span><\/label><input type=\"email\" autocomplete=\"email\" class=\"mailpoet_text\" id=\"form_email_1\" name=\"data[form_field_MDlhZjZhZGFmYjBjX2VtYWls]\" title=\"Email Address\" value=\"\" style=\"width:100%;box-sizing:border-box;padding:5px;margin: 0 auto 0 0;\" data-automation-id=\"form_email\"  placeholder=\"Email Address *\" data-parsley-required=\"true\" data-parsley-minlength=\"6\" data-parsley-maxlength=\"150\" data-parsley-type-message=\"This value should be a valid email.\" data-parsley-errors-container=\".mailpoet_error_email_\" data-parsley-required-message=\"This field is required.\"\/><\/div>\n<div class=\"mailpoet_paragraph \"><input type=\"submit\" class=\"mailpoet_submit\" value=\"Subscribe!\" data-automation-id=\"subscribe-submit-button\" style=\"width:100%;box-sizing:border-box;padding:5px;margin: 0 auto 0 0;border-color:transparent;\" \/><span class=\"mailpoet_form_loading\"><span class=\"mailpoet_bounce1\"><\/span><span class=\"mailpoet_bounce2\"><\/span><span class=\"mailpoet_bounce3\"><\/span><\/span><\/div>\n\n      <div class=\"mailpoet_message\">\n        <p class=\"mailpoet_validate_success\"\n                style=\"display:none;\"\n                >Check your inbox or spam folder to confirm your subscription.\n        <\/p>\n        <p class=\"mailpoet_validate_error\"\n                style=\"display:none;\"\n                >        <\/p>\n      <\/div>\n    <\/form>\n\n      <\/div>\n\n  \n<p>Der Newsletter kann nat\u00fcrlich jederzeit wieder abgemeldet werden, falls es zuviel wird \ud83d\ude09\n<\/td>\n<\/tr>\n<\/table>\n<p><\/center>\n<div class=\"sharedaddy sd-sharing-enabled\"><div class=\"robots-nocontent sd-block sd-social sd-social-icon sd-sharing\"><h3 class=\"sd-title\">Share to CyberSpace<\/h3><div class=\"sd-content\"><ul><li class=\"share-twitter\"><a rel=\"nofollow noopener noreferrer\" data-shared=\"sharing-twitter-128\" class=\"share-twitter sd-button share-icon no-text\" href=\"https:\/\/cyberzadi.net\/de\/newsletter\/?share=twitter\" target=\"_blank\" title=\"Klick, um \u00fcber Twitter zu teilen\"><span><\/span><span class=\"sharing-screen-reader-text\">Klick, um \u00fcber Twitter zu teilen (Wird in neuem Fenster ge\u00f6ffnet)<\/span><\/a><\/li><li class=\"share-facebook\"><a rel=\"nofollow noopener noreferrer\" data-shared=\"sharing-facebook-128\" class=\"share-facebook sd-button share-icon no-text\" href=\"https:\/\/cyberzadi.net\/de\/newsletter\/?share=facebook\" target=\"_blank\" title=\"Klick, um auf Facebook zu teilen\"><span><\/span><span class=\"sharing-screen-reader-text\">Klick, um auf Facebook zu teilen (Wird in neuem Fenster ge\u00f6ffnet)<\/span><\/a><\/li><li class=\"share-linkedin\"><a rel=\"nofollow noopener noreferrer\" data-shared=\"sharing-linkedin-128\" class=\"share-linkedin sd-button share-icon no-text\" href=\"https:\/\/cyberzadi.net\/de\/newsletter\/?share=linkedin\" target=\"_blank\" title=\"Klick, um auf LinkedIn zu teilen\"><span><\/span><span class=\"sharing-screen-reader-text\">Klick, um auf LinkedIn zu teilen (Wird in neuem Fenster ge\u00f6ffnet)<\/span><\/a><\/li><li class=\"share-reddit\"><a rel=\"nofollow noopener noreferrer\" data-shared=\"\" class=\"share-reddit sd-button share-icon no-text\" href=\"https:\/\/cyberzadi.net\/de\/newsletter\/?share=reddit\" target=\"_blank\" title=\"Klick, um auf Reddit zu teilen\"><span><\/span><span class=\"sharing-screen-reader-text\">Klick, um auf Reddit zu teilen (Wird in neuem Fenster ge\u00f6ffnet)<\/span><\/a><\/li><li class=\"share-telegram\"><a rel=\"nofollow noopener noreferrer\" data-shared=\"\" class=\"share-telegram sd-button share-icon no-text\" href=\"https:\/\/cyberzadi.net\/de\/newsletter\/?share=telegram\" target=\"_blank\" title=\"Klicken, um auf Telegram zu teilen\"><span><\/span><span class=\"sharing-screen-reader-text\">Klicken, um auf Telegram zu teilen (Wird in neuem Fenster ge\u00f6ffnet)<\/span><\/a><\/li><li class=\"share-jetpack-whatsapp\"><a rel=\"nofollow noopener noreferrer\" data-shared=\"\" class=\"share-jetpack-whatsapp sd-button share-icon no-text\" href=\"https:\/\/cyberzadi.net\/de\/newsletter\/?share=jetpack-whatsapp\" target=\"_blank\" title=\"Klicken, um auf WhatsApp zu teilen\"><span><\/span><span class=\"sharing-screen-reader-text\">Klicken, um auf WhatsApp zu teilen (Wird in neuem Fenster ge\u00f6ffnet)<\/span><\/a><\/li><li class=\"share-end\"><\/li><\/ul><\/div><\/div><\/div>","protected":false},"excerpt":{"rendered":"<p>Abonnieren Sie unseren Newsletter f\u00fcr die neuesten Blog Posts. &nbsp; BITTE \u00dcBERPR\u00dcFEN SIE DIE BEST\u00c4TIGUNS E-MAIL NACH DEM SUBSCRIBEN, SIE&#8230;<\/p>\n<div class=\"sharedaddy sd-sharing-enabled\"><div class=\"robots-nocontent sd-block sd-social sd-social-icon sd-sharing\"><h3 class=\"sd-title\">Share to CyberSpace<\/h3><div class=\"sd-content\"><ul><li class=\"share-twitter\"><a rel=\"nofollow noopener noreferrer\" data-shared=\"sharing-twitter-128\" class=\"share-twitter sd-button share-icon no-text\" href=\"https:\/\/cyberzadi.net\/de\/newsletter\/?share=twitter\" target=\"_blank\" title=\"Klick, um \u00fcber Twitter zu teilen\"><span><\/span><span class=\"sharing-screen-reader-text\">Klick, um \u00fcber Twitter zu teilen (Wird in neuem Fenster ge\u00f6ffnet)<\/span><\/a><\/li><li class=\"share-facebook\"><a rel=\"nofollow noopener noreferrer\" data-shared=\"sharing-facebook-128\" class=\"share-facebook sd-button share-icon no-text\" href=\"https:\/\/cyberzadi.net\/de\/newsletter\/?share=facebook\" target=\"_blank\" title=\"Klick, um auf Facebook zu teilen\"><span><\/span><span class=\"sharing-screen-reader-text\">Klick, um auf Facebook zu teilen (Wird in neuem Fenster ge\u00f6ffnet)<\/span><\/a><\/li><li class=\"share-linkedin\"><a rel=\"nofollow noopener noreferrer\" data-shared=\"sharing-linkedin-128\" class=\"share-linkedin sd-button share-icon no-text\" href=\"https:\/\/cyberzadi.net\/de\/newsletter\/?share=linkedin\" target=\"_blank\" title=\"Klick, um auf LinkedIn zu teilen\"><span><\/span><span class=\"sharing-screen-reader-text\">Klick, um auf LinkedIn zu teilen (Wird in neuem Fenster ge\u00f6ffnet)<\/span><\/a><\/li><li class=\"share-reddit\"><a rel=\"nofollow noopener noreferrer\" data-shared=\"\" class=\"share-reddit sd-button share-icon no-text\" href=\"https:\/\/cyberzadi.net\/de\/newsletter\/?share=reddit\" target=\"_blank\" title=\"Klick, um auf Reddit zu teilen\"><span><\/span><span class=\"sharing-screen-reader-text\">Klick, um auf Reddit zu teilen (Wird in neuem Fenster ge\u00f6ffnet)<\/span><\/a><\/li><li class=\"share-telegram\"><a rel=\"nofollow noopener noreferrer\" data-shared=\"\" class=\"share-telegram sd-button share-icon no-text\" href=\"https:\/\/cyberzadi.net\/de\/newsletter\/?share=telegram\" target=\"_blank\" title=\"Klicken, um auf Telegram zu teilen\"><span><\/span><span class=\"sharing-screen-reader-text\">Klicken, um auf Telegram zu teilen (Wird in neuem Fenster ge\u00f6ffnet)<\/span><\/a><\/li><li class=\"share-jetpack-whatsapp\"><a rel=\"nofollow noopener noreferrer\" data-shared=\"\" class=\"share-jetpack-whatsapp sd-button share-icon no-text\" href=\"https:\/\/cyberzadi.net\/de\/newsletter\/?share=jetpack-whatsapp\" target=\"_blank\" title=\"Klicken, um auf WhatsApp zu teilen\"><span><\/span><span class=\"sharing-screen-reader-text\">Klicken, um auf WhatsApp zu teilen (Wird in neuem Fenster ge\u00f6ffnet)<\/span><\/a><\/li><li class=\"share-end\"><\/li><\/ul><\/div><\/div><\/div>","protected":false},"author":1,"featured_media":0,"parent":0,"menu_order":0,"comment_status":"closed","ping_status":"closed","template":"","meta":{"spay_email":"","footnotes":""},"yoast_head":"<!-- This site is optimized with the Yoast SEO plugin v17.8 - https:\/\/yoast.com\/wordpress\/plugins\/seo\/ -->\n<meta name=\"robots\" content=\"index, follow, max-snippet:-1, max-image-preview:large, max-video-preview:-1\" \/>\n<link rel=\"canonical\" href=\"https:\/\/cyberzadi.net\/de\/newsletter\/\" \/>\n<meta property=\"og:locale\" content=\"de_DE\" \/>\n<meta property=\"og:type\" content=\"article\" \/>\n<meta property=\"og:title\" content=\"CyberZadi Newsletter - CyberZadi\" \/>\n<meta property=\"og:description\" content=\"Abonnieren Sie unseren Newsletter f\u00fcr die neuesten Blog Posts. &nbsp; BITTE \u00dcBERPR\u00dcFEN SIE DIE BEST\u00c4TIGUNS E-MAIL NACH DEM SUBSCRIBEN, SIE...\" \/>\n<meta property=\"og:url\" content=\"https:\/\/cyberzadi.net\/de\/newsletter\/\" \/>\n<meta property=\"og:site_name\" content=\"CyberZadi\" \/>\n<meta property=\"article:publisher\" content=\"https:\/\/www.facebook.com\/patshi\" \/>\n<meta property=\"article:modified_time\" content=\"2024-04-25T08:04:02+00:00\" \/>\n<meta name=\"twitter:card\" content=\"summary_large_image\" \/>\n<meta name=\"twitter:site\" content=\"@PatrickZadro\" \/>\n<meta name=\"twitter:label1\" content=\"Gesch\u00e4tzte Lesezeit\" \/>\n\t<meta name=\"twitter:data1\" content=\"1\u00a0Minute\" \/>\n<script type=\"application\/ld+json\" class=\"yoast-schema-graph\">{\"@context\":\"https:\/\/schema.org\",\"@graph\":[{\"@type\":\"Organization\",\"@id\":\"https:\/\/cyberzadi.net\/de\/#organization\",\"name\":\"(English) CyberZadi\",\"url\":\"https:\/\/cyberzadi.net\/de\/\",\"sameAs\":[\"https:\/\/www.facebook.com\/patshi\",\"https:\/\/www.instagram.com\/patrickzadro\/\",\"https:\/\/www.linkedin.com\/in\/patrick-zadrobilek\/\",\"https:\/\/www.youtube.com\/@PatrickZadrobilek\",\"https:\/\/twitter.com\/PatrickZadro\"],\"logo\":{\"@type\":\"ImageObject\",\"@id\":\"https:\/\/cyberzadi.net\/de\/#logo\",\"inLanguage\":\"de\",\"url\":\"https:\/\/cyberzadi.net\/wp-content\/uploads\/2023\/03\/CyberZadiLogoC_300px.png\",\"contentUrl\":\"https:\/\/cyberzadi.net\/wp-content\/uploads\/2023\/03\/CyberZadiLogoC_300px.png\",\"width\":300,\"height\":81,\"caption\":\"(English) CyberZadi\"},\"image\":{\"@id\":\"https:\/\/cyberzadi.net\/de\/#logo\"}},{\"@type\":\"WebSite\",\"@id\":\"https:\/\/cyberzadi.net\/de\/#website\",\"url\":\"https:\/\/cyberzadi.net\/de\/\",\"name\":\"CyberZadi\",\"description\":\"CyberZadi - Pers\\u00f6nliche Meinungen von Patrick Zadrobilek\",\"publisher\":{\"@id\":\"https:\/\/cyberzadi.net\/de\/#organization\"},\"potentialAction\":[{\"@type\":\"SearchAction\",\"target\":{\"@type\":\"EntryPoint\",\"urlTemplate\":\"https:\/\/cyberzadi.net\/de\/?s={search_term_string}\"},\"query-input\":\"required name=search_term_string\"}],\"inLanguage\":\"de\"},{\"@type\":\"WebPage\",\"@id\":\"https:\/\/cyberzadi.net\/de\/newsletter\/#webpage\",\"url\":\"https:\/\/cyberzadi.net\/de\/newsletter\/\",\"name\":\"CyberZadi Newsletter - CyberZadi\",\"isPartOf\":{\"@id\":\"https:\/\/cyberzadi.net\/de\/#website\"},\"datePublished\":\"2023-03-10T08:04:12+00:00\",\"dateModified\":\"2024-04-25T08:04:02+00:00\",\"breadcrumb\":{\"@id\":\"https:\/\/cyberzadi.net\/de\/newsletter\/#breadcrumb\"},\"inLanguage\":\"de\",\"potentialAction\":[{\"@type\":\"ReadAction\",\"target\":[[\"https:\/\/cyberzadi.net\/de\/newsletter\/\"]]}]},{\"@type\":\"BreadcrumbList\",\"@id\":\"https:\/\/cyberzadi.net\/de\/newsletter\/#breadcrumb\",\"itemListElement\":[{\"@type\":\"ListItem\",\"position\":1,\"name\":\"Home\",\"item\":\"https:\/\/cyberzadi.net\/de\/\"},{\"@type\":\"ListItem\",\"position\":2,\"name\":\"CyberZadi Newsletter\"}]}]}<\/script>\n<!-- \/ Yoast SEO plugin. -->","yoast_head_json":{"robots":{"index":"index","follow":"follow","max-snippet":"max-snippet:-1","max-image-preview":"max-image-preview:large","max-video-preview":"max-video-preview:-1"},"canonical":"https:\/\/cyberzadi.net\/de\/newsletter\/","og_locale":"de_DE","og_type":"article","og_title":"CyberZadi Newsletter - CyberZadi","og_description":"Abonnieren Sie unseren Newsletter f\u00fcr die neuesten Blog Posts. &nbsp; BITTE \u00dcBERPR\u00dcFEN SIE DIE BEST\u00c4TIGUNS E-MAIL NACH DEM SUBSCRIBEN, SIE...","og_url":"https:\/\/cyberzadi.net\/de\/newsletter\/","og_site_name":"CyberZadi","article_publisher":"https:\/\/www.facebook.com\/patshi","article_modified_time":"2024-04-25T08:04:02+00:00","twitter_card":"summary_large_image","twitter_site":"@PatrickZadro","twitter_misc":{"Gesch\u00e4tzte Lesezeit":"1\u00a0Minute"},"schema":{"@context":"https:\/\/schema.org","@graph":[{"@type":"Organization","@id":"https:\/\/cyberzadi.net\/de\/#organization","name":"(English) CyberZadi","url":"https:\/\/cyberzadi.net\/de\/","sameAs":["https:\/\/www.facebook.com\/patshi","https:\/\/www.instagram.com\/patrickzadro\/","https:\/\/www.linkedin.com\/in\/patrick-zadrobilek\/","https:\/\/www.youtube.com\/@PatrickZadrobilek","https:\/\/twitter.com\/PatrickZadro"],"logo":{"@type":"ImageObject","@id":"https:\/\/cyberzadi.net\/de\/#logo","inLanguage":"de","url":"https:\/\/cyberzadi.net\/wp-content\/uploads\/2023\/03\/CyberZadiLogoC_300px.png","contentUrl":"https:\/\/cyberzadi.net\/wp-content\/uploads\/2023\/03\/CyberZadiLogoC_300px.png","width":300,"height":81,"caption":"(English) CyberZadi"},"image":{"@id":"https:\/\/cyberzadi.net\/de\/#logo"}},{"@type":"WebSite","@id":"https:\/\/cyberzadi.net\/de\/#website","url":"https:\/\/cyberzadi.net\/de\/","name":"CyberZadi","description":"CyberZadi - Pers\u00f6nliche Meinungen von Patrick Zadrobilek","publisher":{"@id":"https:\/\/cyberzadi.net\/de\/#organization"},"potentialAction":[{"@type":"SearchAction","target":{"@type":"EntryPoint","urlTemplate":"https:\/\/cyberzadi.net\/de\/?s={search_term_string}"},"query-input":"required name=search_term_string"}],"inLanguage":"de"},{"@type":"WebPage","@id":"https:\/\/cyberzadi.net\/de\/newsletter\/#webpage","url":"https:\/\/cyberzadi.net\/de\/newsletter\/","name":"CyberZadi Newsletter - CyberZadi","isPartOf":{"@id":"https:\/\/cyberzadi.net\/de\/#website"},"datePublished":"2023-03-10T08:04:12+00:00","dateModified":"2024-04-25T08:04:02+00:00","breadcrumb":{"@id":"https:\/\/cyberzadi.net\/de\/newsletter\/#breadcrumb"},"inLanguage":"de","potentialAction":[{"@type":"ReadAction","target":[["https:\/\/cyberzadi.net\/de\/newsletter\/"]]}]},{"@type":"BreadcrumbList","@id":"https:\/\/cyberzadi.net\/de\/newsletter\/#breadcrumb","itemListElement":[{"@type":"ListItem","position":1,"name":"Home","item":"https:\/\/cyberzadi.net\/de\/"},{"@type":"ListItem","position":2,"name":"CyberZadi Newsletter"}]}]}},"jetpack_sharing_enabled":true,"jetpack-related-posts":[{"id":3,"url":"https:\/\/cyberzadi.net\/de\/privacy-policy\/","url_meta":{"origin":128,"position":0},"title":"Privacy Policy","date":"Sonntag, der 19. Februar 2023","format":false,"excerpt":"Who we are Our website address is: http:\/\/cyberzadi.net.Comments When visitors leave comments on the site we collect the data shown in the comments form, and also the visitor\u2019s IP address and browser user agent string to help spam detection.An anonymized string created from your email address (also called a hash)\u2026","rel":"","context":"\u00c4hnlicher Beitrag","img":{"alt_text":"","src":"","width":0,"height":0},"classes":[]},{"id":64,"url":"https:\/\/cyberzadi.net\/de\/contact\/","url_meta":{"origin":128,"position":1},"title":"Kontakt","date":"Mittwoch, der  8. M\u00e4rz 2023","format":false,"excerpt":"Wenn Dich etwas besch\u00e4ftig, senden Sie mir eine Nachricht:","rel":"","context":"\u00c4hnlicher Beitrag","img":{"alt_text":"","src":"","width":0,"height":0},"classes":[]},{"id":61,"url":"https:\/\/cyberzadi.net\/de\/about\/","url_meta":{"origin":128,"position":2},"title":"\u00dcber Mich","date":"Mittwoch, der  8. M\u00e4rz 2023","format":false,"excerpt":"... findet man Info auf der NTown Productions WebPage. Aber auch in den Artikeln die einen Bezug zu mir haben. Vielleicht auch bald mehr hier.","rel":"","context":"\u00c4hnlicher Beitrag","img":{"alt_text":"","src":"","width":0,"height":0},"classes":[]},{"id":39,"url":"https:\/\/cyberzadi.net\/de\/blog\/","url_meta":{"origin":128,"position":3},"title":"BLOG","date":"Montag, der  6. M\u00e4rz 2023","format":false,"excerpt":"","rel":"","context":"\u00c4hnlicher Beitrag","img":{"alt_text":"","src":"","width":0,"height":0},"classes":[]},{"id":56,"url":"https:\/\/cyberzadi.net\/de\/projects-webpages\/","url_meta":{"origin":128,"position":4},"title":"Projekte &#038; Webseiten","date":"Mittwoch, der  8. M\u00e4rz 2023","format":false,"excerpt":"NTown Productions Patrick Zadrobilek's Film Produktion. Informationen \u00fcber Video Services, Produktions-Blog und Webshop mit LUTs, Produktivit\u00e4ts Applikationen und technische B\u00fccher. Lodomond Comic Strip von Patrick Zadrobilek \u00fcber den Statistik-Freak Lodomond und seinem neurotischen Papagei Finni.","rel":"","context":"\u00c4hnlicher Beitrag","img":{"alt_text":"","src":"","width":0,"height":0},"classes":[]}],"_links":{"self":[{"href":"https:\/\/cyberzadi.net\/de\/wp-json\/wp\/v2\/pages\/128"}],"collection":[{"href":"https:\/\/cyberzadi.net\/de\/wp-json\/wp\/v2\/pages"}],"about":[{"href":"https:\/\/cyberzadi.net\/de\/wp-json\/wp\/v2\/types\/page"}],"author":[{"embeddable":true,"href":"https:\/\/cyberzadi.net\/de\/wp-json\/wp\/v2\/users\/1"}],"replies":[{"embeddable":true,"href":"https:\/\/cyberzadi.net\/de\/wp-json\/wp\/v2\/comments?post=128"}],"version-history":[{"count":14,"href":"https:\/\/cyberzadi.net\/de\/wp-json\/wp\/v2\/pages\/128\/revisions"}],"predecessor-version":[{"id":262,"href":"https:\/\/cyberzadi.net\/de\/wp-json\/wp\/v2\/pages\/128\/revisions\/262"}],"wp:attachment":[{"href":"https:\/\/cyberzadi.net\/de\/wp-json\/wp\/v2\/media?parent=128"}],"curies":[{"name":"wp","href":"https:\/\/api.w.org\/{rel}","templated":true}]}}