{"id":3,"date":"2023-02-19T07:10:36","date_gmt":"2023-02-19T07:10:36","guid":{"rendered":"http:\/\/cyberzadi.net\/?page_id=3"},"modified":"2023-03-05T12:22:45","modified_gmt":"2023-03-05T11:22:45","slug":"privacy-policy","status":"publish","type":"page","link":"https:\/\/cyberzadi.net\/de\/privacy-policy\/","title":{"rendered":"Privacy Policy"},"content":{"rendered":"<h2 class=\"wp-block-heading\">Who we are<\/h2><p><strong class=\"privacy-policy-tutorial\">  <\/strong>Our website address is: http:\/\/cyberzadi.net.<\/p><h2 class=\"wp-block-heading\">Comments<\/h2><p><strong class=\"privacy-policy-tutorial\">  <\/strong>When visitors leave comments on the site we collect the data shown in the comments form, and also the visitor&#8217;s IP address and browser user agent string to help spam detection.<\/p><p>An anonymized string created from your email address (also called a hash) may be provided to the Gravatar service to see if you are using it. The Gravatar service privacy policy is available here: https:\/\/automattic.com\/privacy\/. After approval of your comment, your profile picture is visible to the public in the context of your comment.<\/p><h2 class=\"wp-block-heading\">Media<\/h2><p><strong class=\"privacy-policy-tutorial\">  <\/strong>If you upload images to the website, you should avoid uploading images with embedded location data (EXIF GPS) included. Visitors to the website can download and extract any location data from images on the website.<\/p><h2 class=\"wp-block-heading\">Cookies<\/h2><p><strong class=\"privacy-policy-tutorial\">  <\/strong>If you leave a comment on our site you may opt-in to saving your name, email address and website in cookies. These are for your convenience so that you do not have to fill in your details again when you leave another comment. These cookies will last for one year.<\/p><p>If you visit our login page, we will set a temporary cookie to determine if your browser accepts cookies. This cookie contains no personal data and is discarded when you close your browser.<\/p><p>When you log in, we will also set up several cookies to save your login information and your screen display choices. Login cookies last for two days, and screen options cookies last for a year. If you select &quot;Remember Me&quot;, your login will persist for two weeks. If you log out of your account, the login cookies will be removed.<\/p><p>If you edit or publish an article, an additional cookie will be saved in your browser. This cookie includes no personal data and simply indicates the post ID of the article you just edited. It expires after 1 day.<\/p><h2 class=\"wp-block-heading\">Embedded content from other websites<\/h2><p><strong class=\"privacy-policy-tutorial\">  <\/strong>Articles on this site may include embedded content (e.g. videos, images, articles, etc.). Embedded content from other websites behaves in the exact same way as if the visitor has visited the other website.<\/p><p>These websites may collect data about you, use cookies, embed additional third-party tracking, and monitor your interaction with that embedded content, including tracking your interaction with the embedded content if you have an account and are logged in to that website.<\/p><h2 class=\"wp-block-heading\">Who we share your data with<\/h2><p><strong class=\"privacy-policy-tutorial\">  <\/strong>If you request a password reset, your IP address will be included in the reset email.<\/p><h2 class=\"wp-block-heading\">How long we retain your data<\/h2><p><strong class=\"privacy-policy-tutorial\">  <\/strong>If you leave a comment, the comment and its metadata are retained indefinitely. This is so we can recognize and approve any follow-up comments automatically instead of holding them in a moderation queue.<\/p><p>For users that register on our website (if any), we also store the personal information they provide in their user profile. All users can see, edit, or delete their personal information at any time (except they cannot change their username). Website administrators can also see and edit that information.<\/p><h2 class=\"wp-block-heading\">What rights you have over your data<\/h2><p><strong class=\"privacy-policy-tutorial\">  <\/strong>If you have an account on this site, or have left comments, you can request to receive an exported file of the personal data we hold about you, including any data you have provided to us. You can also request that we erase any personal data we hold about you. This does not include any data we are obliged to keep for administrative, legal, or security purposes.<\/p><h2 class=\"wp-block-heading\">Where we send your data<\/h2><p><strong class=\"privacy-policy-tutorial\">  <\/strong>Visitor comments may be checked through an automated spam detection service.<\/p><div class=\"sharedaddy sd-sharing-enabled\"><div class=\"robots-nocontent sd-block sd-social sd-social-icon sd-sharing\"><h3 class=\"sd-title\">Share to CyberSpace<\/h3><div class=\"sd-content\"><ul><li class=\"share-twitter\"><a rel=\"nofollow noopener noreferrer\" data-shared=\"sharing-twitter-3\" class=\"share-twitter sd-button share-icon no-text\" href=\"https:\/\/cyberzadi.net\/de\/privacy-policy\/?share=twitter\" target=\"_blank\" title=\"Klick, um \u00fcber Twitter zu teilen\"><span><\/span><span class=\"sharing-screen-reader-text\">Klick, um \u00fcber Twitter zu teilen (Wird in neuem Fenster ge\u00f6ffnet)<\/span><\/a><\/li><li class=\"share-facebook\"><a rel=\"nofollow noopener noreferrer\" data-shared=\"sharing-facebook-3\" class=\"share-facebook sd-button share-icon no-text\" href=\"https:\/\/cyberzadi.net\/de\/privacy-policy\/?share=facebook\" target=\"_blank\" title=\"Klick, um auf Facebook zu teilen\"><span><\/span><span class=\"sharing-screen-reader-text\">Klick, um auf Facebook zu teilen (Wird in neuem Fenster ge\u00f6ffnet)<\/span><\/a><\/li><li class=\"share-linkedin\"><a rel=\"nofollow noopener noreferrer\" data-shared=\"sharing-linkedin-3\" class=\"share-linkedin sd-button share-icon no-text\" href=\"https:\/\/cyberzadi.net\/de\/privacy-policy\/?share=linkedin\" target=\"_blank\" title=\"Klick, um auf LinkedIn zu teilen\"><span><\/span><span class=\"sharing-screen-reader-text\">Klick, um auf LinkedIn zu teilen (Wird in neuem Fenster ge\u00f6ffnet)<\/span><\/a><\/li><li class=\"share-reddit\"><a rel=\"nofollow noopener noreferrer\" data-shared=\"\" class=\"share-reddit sd-button share-icon no-text\" href=\"https:\/\/cyberzadi.net\/de\/privacy-policy\/?share=reddit\" target=\"_blank\" title=\"Klick, um auf Reddit zu teilen\"><span><\/span><span class=\"sharing-screen-reader-text\">Klick, um auf Reddit zu teilen (Wird in neuem Fenster ge\u00f6ffnet)<\/span><\/a><\/li><li class=\"share-telegram\"><a rel=\"nofollow noopener noreferrer\" data-shared=\"\" class=\"share-telegram sd-button share-icon no-text\" href=\"https:\/\/cyberzadi.net\/de\/privacy-policy\/?share=telegram\" target=\"_blank\" title=\"Klicken, um auf Telegram zu teilen\"><span><\/span><span class=\"sharing-screen-reader-text\">Klicken, um auf Telegram zu teilen (Wird in neuem Fenster ge\u00f6ffnet)<\/span><\/a><\/li><li class=\"share-jetpack-whatsapp\"><a rel=\"nofollow noopener noreferrer\" data-shared=\"\" class=\"share-jetpack-whatsapp sd-button share-icon no-text\" href=\"https:\/\/cyberzadi.net\/de\/privacy-policy\/?share=jetpack-whatsapp\" target=\"_blank\" title=\"Klicken, um auf WhatsApp zu teilen\"><span><\/span><span class=\"sharing-screen-reader-text\">Klicken, um auf WhatsApp zu teilen (Wird in neuem Fenster ge\u00f6ffnet)<\/span><\/a><\/li><li class=\"share-end\"><\/li><\/ul><\/div><\/div><\/div>","protected":false},"excerpt":{"rendered":"<p>Who we are Our website address is: http:\/\/cyberzadi.net. Comments When visitors leave comments on the site we collect the data&#8230;<\/p>\n<div class=\"sharedaddy sd-sharing-enabled\"><div class=\"robots-nocontent sd-block sd-social sd-social-icon sd-sharing\"><h3 class=\"sd-title\">Share to CyberSpace<\/h3><div class=\"sd-content\"><ul><li class=\"share-twitter\"><a rel=\"nofollow noopener noreferrer\" data-shared=\"sharing-twitter-3\" class=\"share-twitter sd-button share-icon no-text\" href=\"https:\/\/cyberzadi.net\/de\/privacy-policy\/?share=twitter\" target=\"_blank\" title=\"Klick, um \u00fcber Twitter zu teilen\"><span><\/span><span class=\"sharing-screen-reader-text\">Klick, um \u00fcber Twitter zu teilen (Wird in neuem Fenster ge\u00f6ffnet)<\/span><\/a><\/li><li class=\"share-facebook\"><a rel=\"nofollow noopener noreferrer\" data-shared=\"sharing-facebook-3\" class=\"share-facebook sd-button share-icon no-text\" href=\"https:\/\/cyberzadi.net\/de\/privacy-policy\/?share=facebook\" target=\"_blank\" title=\"Klick, um auf Facebook zu teilen\"><span><\/span><span class=\"sharing-screen-reader-text\">Klick, um auf Facebook zu teilen (Wird in neuem Fenster ge\u00f6ffnet)<\/span><\/a><\/li><li class=\"share-linkedin\"><a rel=\"nofollow noopener noreferrer\" data-shared=\"sharing-linkedin-3\" class=\"share-linkedin sd-button share-icon no-text\" href=\"https:\/\/cyberzadi.net\/de\/privacy-policy\/?share=linkedin\" target=\"_blank\" title=\"Klick, um auf LinkedIn zu teilen\"><span><\/span><span class=\"sharing-screen-reader-text\">Klick, um auf LinkedIn zu teilen (Wird in neuem Fenster ge\u00f6ffnet)<\/span><\/a><\/li><li class=\"share-reddit\"><a rel=\"nofollow noopener noreferrer\" data-shared=\"\" class=\"share-reddit sd-button share-icon no-text\" href=\"https:\/\/cyberzadi.net\/de\/privacy-policy\/?share=reddit\" target=\"_blank\" title=\"Klick, um auf Reddit zu teilen\"><span><\/span><span class=\"sharing-screen-reader-text\">Klick, um auf Reddit zu teilen (Wird in neuem Fenster ge\u00f6ffnet)<\/span><\/a><\/li><li class=\"share-telegram\"><a rel=\"nofollow noopener noreferrer\" data-shared=\"\" class=\"share-telegram sd-button share-icon no-text\" href=\"https:\/\/cyberzadi.net\/de\/privacy-policy\/?share=telegram\" target=\"_blank\" title=\"Klicken, um auf Telegram zu teilen\"><span><\/span><span class=\"sharing-screen-reader-text\">Klicken, um auf Telegram zu teilen (Wird in neuem Fenster ge\u00f6ffnet)<\/span><\/a><\/li><li class=\"share-jetpack-whatsapp\"><a rel=\"nofollow noopener noreferrer\" data-shared=\"\" class=\"share-jetpack-whatsapp sd-button share-icon no-text\" href=\"https:\/\/cyberzadi.net\/de\/privacy-policy\/?share=jetpack-whatsapp\" target=\"_blank\" title=\"Klicken, um auf WhatsApp zu teilen\"><span><\/span><span class=\"sharing-screen-reader-text\">Klicken, um auf WhatsApp zu teilen (Wird in neuem Fenster ge\u00f6ffnet)<\/span><\/a><\/li><li class=\"share-end\"><\/li><\/ul><\/div><\/div><\/div>","protected":false},"author":1,"featured_media":0,"parent":0,"menu_order":0,"comment_status":"closed","ping_status":"open","template":"","meta":{"spay_email":"","footnotes":""},"yoast_head":"<!-- This site is optimized with the Yoast SEO plugin v17.8 - https:\/\/yoast.com\/wordpress\/plugins\/seo\/ -->\n<meta name=\"robots\" content=\"index, follow, max-snippet:-1, max-image-preview:large, max-video-preview:-1\" \/>\n<link rel=\"canonical\" href=\"https:\/\/cyberzadi.net\/de\/privacy-policy\/\" \/>\n<meta property=\"og:locale\" content=\"de_DE\" \/>\n<meta property=\"og:type\" content=\"article\" \/>\n<meta property=\"og:title\" content=\"Privacy Policy - CyberZadi\" \/>\n<meta property=\"og:description\" content=\"Who we are Our website address is: http:\/\/cyberzadi.net. Comments When visitors leave comments on the site we collect the data...\" \/>\n<meta property=\"og:url\" content=\"https:\/\/cyberzadi.net\/de\/privacy-policy\/\" \/>\n<meta property=\"og:site_name\" content=\"CyberZadi\" \/>\n<meta property=\"article:publisher\" content=\"https:\/\/www.facebook.com\/patshi\" \/>\n<meta property=\"article:modified_time\" content=\"2023-03-05T11:22:45+00:00\" \/>\n<meta name=\"twitter:card\" content=\"summary_large_image\" \/>\n<meta name=\"twitter:site\" content=\"@PatrickZadro\" \/>\n<meta name=\"twitter:label1\" content=\"Gesch\u00e4tzte Lesezeit\" \/>\n\t<meta name=\"twitter:data1\" content=\"3\u00a0Minuten\" \/>\n<script type=\"application\/ld+json\" class=\"yoast-schema-graph\">{\"@context\":\"https:\/\/schema.org\",\"@graph\":[{\"@type\":\"Organization\",\"@id\":\"https:\/\/cyberzadi.net\/de\/#organization\",\"name\":\"(English) CyberZadi\",\"url\":\"https:\/\/cyberzadi.net\/de\/\",\"sameAs\":[\"https:\/\/www.facebook.com\/patshi\",\"https:\/\/www.instagram.com\/patrickzadro\/\",\"https:\/\/www.linkedin.com\/in\/patrick-zadrobilek\/\",\"https:\/\/www.youtube.com\/@PatrickZadrobilek\",\"https:\/\/twitter.com\/PatrickZadro\"],\"logo\":{\"@type\":\"ImageObject\",\"@id\":\"https:\/\/cyberzadi.net\/de\/#logo\",\"inLanguage\":\"de\",\"url\":\"https:\/\/cyberzadi.net\/wp-content\/uploads\/2023\/03\/CyberZadiLogoC_300px.png\",\"contentUrl\":\"https:\/\/cyberzadi.net\/wp-content\/uploads\/2023\/03\/CyberZadiLogoC_300px.png\",\"width\":300,\"height\":81,\"caption\":\"(English) CyberZadi\"},\"image\":{\"@id\":\"https:\/\/cyberzadi.net\/de\/#logo\"}},{\"@type\":\"WebSite\",\"@id\":\"https:\/\/cyberzadi.net\/de\/#website\",\"url\":\"https:\/\/cyberzadi.net\/de\/\",\"name\":\"CyberZadi\",\"description\":\"CyberZadi - Pers\\u00f6nliche Meinungen von Patrick Zadrobilek\",\"publisher\":{\"@id\":\"https:\/\/cyberzadi.net\/de\/#organization\"},\"potentialAction\":[{\"@type\":\"SearchAction\",\"target\":{\"@type\":\"EntryPoint\",\"urlTemplate\":\"https:\/\/cyberzadi.net\/de\/?s={search_term_string}\"},\"query-input\":\"required name=search_term_string\"}],\"inLanguage\":\"de\"},{\"@type\":\"WebPage\",\"@id\":\"https:\/\/cyberzadi.net\/de\/privacy-policy\/#webpage\",\"url\":\"https:\/\/cyberzadi.net\/de\/privacy-policy\/\",\"name\":\"Privacy Policy - CyberZadi\",\"isPartOf\":{\"@id\":\"https:\/\/cyberzadi.net\/de\/#website\"},\"datePublished\":\"2023-02-19T07:10:36+00:00\",\"dateModified\":\"2023-03-05T11:22:45+00:00\",\"breadcrumb\":{\"@id\":\"https:\/\/cyberzadi.net\/de\/privacy-policy\/#breadcrumb\"},\"inLanguage\":\"de\",\"potentialAction\":[{\"@type\":\"ReadAction\",\"target\":[[\"https:\/\/cyberzadi.net\/de\/privacy-policy\/\"]]}]},{\"@type\":\"BreadcrumbList\",\"@id\":\"https:\/\/cyberzadi.net\/de\/privacy-policy\/#breadcrumb\",\"itemListElement\":[{\"@type\":\"ListItem\",\"position\":1,\"name\":\"Home\",\"item\":\"https:\/\/cyberzadi.net\/de\/\"},{\"@type\":\"ListItem\",\"position\":2,\"name\":\"Privacy Policy\"}]}]}<\/script>\n<!-- \/ Yoast SEO plugin. -->","yoast_head_json":{"robots":{"index":"index","follow":"follow","max-snippet":"max-snippet:-1","max-image-preview":"max-image-preview:large","max-video-preview":"max-video-preview:-1"},"canonical":"https:\/\/cyberzadi.net\/de\/privacy-policy\/","og_locale":"de_DE","og_type":"article","og_title":"Privacy Policy - CyberZadi","og_description":"Who we are Our website address is: http:\/\/cyberzadi.net. Comments When visitors leave comments on the site we collect the data...","og_url":"https:\/\/cyberzadi.net\/de\/privacy-policy\/","og_site_name":"CyberZadi","article_publisher":"https:\/\/www.facebook.com\/patshi","article_modified_time":"2023-03-05T11:22:45+00:00","twitter_card":"summary_large_image","twitter_site":"@PatrickZadro","twitter_misc":{"Gesch\u00e4tzte Lesezeit":"3\u00a0Minuten"},"schema":{"@context":"https:\/\/schema.org","@graph":[{"@type":"Organization","@id":"https:\/\/cyberzadi.net\/de\/#organization","name":"(English) CyberZadi","url":"https:\/\/cyberzadi.net\/de\/","sameAs":["https:\/\/www.facebook.com\/patshi","https:\/\/www.instagram.com\/patrickzadro\/","https:\/\/www.linkedin.com\/in\/patrick-zadrobilek\/","https:\/\/www.youtube.com\/@PatrickZadrobilek","https:\/\/twitter.com\/PatrickZadro"],"logo":{"@type":"ImageObject","@id":"https:\/\/cyberzadi.net\/de\/#logo","inLanguage":"de","url":"https:\/\/cyberzadi.net\/wp-content\/uploads\/2023\/03\/CyberZadiLogoC_300px.png","contentUrl":"https:\/\/cyberzadi.net\/wp-content\/uploads\/2023\/03\/CyberZadiLogoC_300px.png","width":300,"height":81,"caption":"(English) CyberZadi"},"image":{"@id":"https:\/\/cyberzadi.net\/de\/#logo"}},{"@type":"WebSite","@id":"https:\/\/cyberzadi.net\/de\/#website","url":"https:\/\/cyberzadi.net\/de\/","name":"CyberZadi","description":"CyberZadi - Pers\u00f6nliche Meinungen von Patrick Zadrobilek","publisher":{"@id":"https:\/\/cyberzadi.net\/de\/#organization"},"potentialAction":[{"@type":"SearchAction","target":{"@type":"EntryPoint","urlTemplate":"https:\/\/cyberzadi.net\/de\/?s={search_term_string}"},"query-input":"required name=search_term_string"}],"inLanguage":"de"},{"@type":"WebPage","@id":"https:\/\/cyberzadi.net\/de\/privacy-policy\/#webpage","url":"https:\/\/cyberzadi.net\/de\/privacy-policy\/","name":"Privacy Policy - CyberZadi","isPartOf":{"@id":"https:\/\/cyberzadi.net\/de\/#website"},"datePublished":"2023-02-19T07:10:36+00:00","dateModified":"2023-03-05T11:22:45+00:00","breadcrumb":{"@id":"https:\/\/cyberzadi.net\/de\/privacy-policy\/#breadcrumb"},"inLanguage":"de","potentialAction":[{"@type":"ReadAction","target":[["https:\/\/cyberzadi.net\/de\/privacy-policy\/"]]}]},{"@type":"BreadcrumbList","@id":"https:\/\/cyberzadi.net\/de\/privacy-policy\/#breadcrumb","itemListElement":[{"@type":"ListItem","position":1,"name":"Home","item":"https:\/\/cyberzadi.net\/de\/"},{"@type":"ListItem","position":2,"name":"Privacy Policy"}]}]}},"jetpack_sharing_enabled":true,"jetpack-related-posts":[{"id":128,"url":"https:\/\/cyberzadi.net\/de\/newsletter\/","url_meta":{"origin":3,"position":0},"title":"CyberZadi Newsletter","date":"Freitag, der 10. M\u00e4rz 2023","format":false,"excerpt":"Abonnieren Sie unseren Newsletter f\u00fcr die neuesten Blog Posts. \u00a0 BITTE \u00dcBERPR\u00dcFEN SIE DIE BEST\u00c4TIGUNS E-MAIL NACH DEM SUBSCRIBEN, SIE K\u00d6NNTE AUCH IM SPAM ORDNER GELANDET SEIN. \u00a0 Mit dem Hinzuf\u00fcgen unserer Newsletter E-Mail-Adresse newsletter@cyberzadi.net zu Ihrem Adressbuch wird verhindert da\u00df unser Newsletter ungewollt im Spam-Ordner landet. Vielen Dank :)\u2026","rel":"","context":"\u00c4hnlicher Beitrag","img":{"alt_text":"","src":"","width":0,"height":0},"classes":[]},{"id":56,"url":"https:\/\/cyberzadi.net\/de\/projects-webpages\/","url_meta":{"origin":3,"position":1},"title":"Projekte &#038; Webseiten","date":"Mittwoch, der  8. M\u00e4rz 2023","format":false,"excerpt":"NTown Productions Patrick Zadrobilek's Film Produktion. Informationen \u00fcber Video Services, Produktions-Blog und Webshop mit LUTs, Produktivit\u00e4ts Applikationen und technische B\u00fccher. Lodomond Comic Strip von Patrick Zadrobilek \u00fcber den Statistik-Freak Lodomond und seinem neurotischen Papagei Finni.","rel":"","context":"\u00c4hnlicher Beitrag","img":{"alt_text":"","src":"","width":0,"height":0},"classes":[]},{"id":25,"url":"https:\/\/cyberzadi.net\/de\/tos\/","url_meta":{"origin":3,"position":2},"title":"ToS","date":"Sonntag, der  5. M\u00e4rz 2023","format":false,"excerpt":"Terms of Service Coming Soon","rel":"","context":"\u00c4hnlicher Beitrag","img":{"alt_text":"","src":"","width":0,"height":0},"classes":[]}],"_links":{"self":[{"href":"https:\/\/cyberzadi.net\/de\/wp-json\/wp\/v2\/pages\/3"}],"collection":[{"href":"https:\/\/cyberzadi.net\/de\/wp-json\/wp\/v2\/pages"}],"about":[{"href":"https:\/\/cyberzadi.net\/de\/wp-json\/wp\/v2\/types\/page"}],"author":[{"embeddable":true,"href":"https:\/\/cyberzadi.net\/de\/wp-json\/wp\/v2\/users\/1"}],"replies":[{"embeddable":true,"href":"https:\/\/cyberzadi.net\/de\/wp-json\/wp\/v2\/comments?post=3"}],"version-history":[{"count":1,"href":"https:\/\/cyberzadi.net\/de\/wp-json\/wp\/v2\/pages\/3\/revisions"}],"predecessor-version":[{"id":24,"href":"https:\/\/cyberzadi.net\/de\/wp-json\/wp\/v2\/pages\/3\/revisions\/24"}],"wp:attachment":[{"href":"https:\/\/cyberzadi.net\/de\/wp-json\/wp\/v2\/media?parent=3"}],"curies":[{"name":"wp","href":"https:\/\/api.w.org\/{rel}","templated":true}]}}