{"id":56,"date":"2023-03-08T09:35:36","date_gmt":"2023-03-08T08:35:36","guid":{"rendered":"https:\/\/cyberzadi.net\/?page_id=56"},"modified":"2026-02-27T10:25:51","modified_gmt":"2026-02-27T09:25:51","slug":"projects-webpages","status":"publish","type":"page","link":"https:\/\/cyberzadi.net\/de\/projects-webpages\/","title":{"rendered":"Projekte &#038; Webseiten"},"content":{"rendered":"<b><a href=\"http:\/\/ntown.at\" target=\"_blank\" rel=\"noopener\"><font size=\"3\">NTown Productions<\/font><\/b><br \/>\n<img loading=\"lazy\" decoding=\"async\" src=\"https:\/\/cyberzadi.net\/wp-content\/uploads\/2023\/03\/NTownSmallStripD.png\" alt=\"NTown Productions\" width=\"588\" height=\"70\" class=\"alignnone size-full wp-image-99\" srcset=\"https:\/\/cyberzadi.net\/wp-content\/uploads\/2023\/03\/NTownSmallStripD.png 588w, https:\/\/cyberzadi.net\/wp-content\/uploads\/2023\/03\/NTownSmallStripD-300x36.png 300w\" sizes=\"(max-width: 588px) 100vw, 588px\" \/><\/a><br \/>\nPatrick Zadrobilek&#8217;s Film Produktion. Informationen \u00fcber Video Services, Produktions-Blog und Webshop mit LUTs, Produktivit\u00e4ts Applikationen und technische B\u00fccher.<\/p>\n<p><b><a href=\"http:\/\/lodomond.com\" target=\"_blank\" rel=\"noopener\"><font size=\"3\">Lodomond<\/font><\/b><br \/>\n<img loading=\"lazy\" decoding=\"async\" src=\"https:\/\/cyberzadi.net\/wp-content\/uploads\/2023\/03\/LodomondSmallStripD.png\" alt=\"Lodomond Comic Strip\" width=\"236\" height=\"70\" class=\"alignnone size-full wp-image-103\" \/><\/a><br \/>\nComic Strip von Patrick Zadrobilek \u00fcber den Statistik-Freak Lodomond und seinem neurotischen Papagei Finni.<\/p>\n\n<div class=\"sharedaddy sd-sharing-enabled\"><div class=\"robots-nocontent sd-block sd-social sd-social-icon sd-sharing\"><h3 class=\"sd-title\">Share to CyberSpace<\/h3><div class=\"sd-content\"><ul><li class=\"share-twitter\"><a rel=\"nofollow noopener noreferrer\" data-shared=\"sharing-twitter-56\" class=\"share-twitter sd-button share-icon no-text\" href=\"https:\/\/cyberzadi.net\/de\/projects-webpages\/?share=twitter\" target=\"_blank\" title=\"Klick, um \u00fcber Twitter zu teilen\"><span><\/span><span class=\"sharing-screen-reader-text\">Klick, um \u00fcber Twitter zu teilen (Wird in neuem Fenster ge\u00f6ffnet)<\/span><\/a><\/li><li class=\"share-facebook\"><a rel=\"nofollow noopener noreferrer\" data-shared=\"sharing-facebook-56\" class=\"share-facebook sd-button share-icon no-text\" href=\"https:\/\/cyberzadi.net\/de\/projects-webpages\/?share=facebook\" target=\"_blank\" title=\"Klick, um auf Facebook zu teilen\"><span><\/span><span class=\"sharing-screen-reader-text\">Klick, um auf Facebook zu teilen (Wird in neuem Fenster ge\u00f6ffnet)<\/span><\/a><\/li><li class=\"share-linkedin\"><a rel=\"nofollow noopener noreferrer\" data-shared=\"sharing-linkedin-56\" class=\"share-linkedin sd-button share-icon no-text\" href=\"https:\/\/cyberzadi.net\/de\/projects-webpages\/?share=linkedin\" target=\"_blank\" title=\"Klick, um auf LinkedIn zu teilen\"><span><\/span><span class=\"sharing-screen-reader-text\">Klick, um auf LinkedIn zu teilen (Wird in neuem Fenster ge\u00f6ffnet)<\/span><\/a><\/li><li class=\"share-reddit\"><a rel=\"nofollow noopener noreferrer\" data-shared=\"\" class=\"share-reddit sd-button share-icon no-text\" href=\"https:\/\/cyberzadi.net\/de\/projects-webpages\/?share=reddit\" target=\"_blank\" title=\"Klick, um auf Reddit zu teilen\"><span><\/span><span class=\"sharing-screen-reader-text\">Klick, um auf Reddit zu teilen (Wird in neuem Fenster ge\u00f6ffnet)<\/span><\/a><\/li><li class=\"share-telegram\"><a rel=\"nofollow noopener noreferrer\" data-shared=\"\" class=\"share-telegram sd-button share-icon no-text\" href=\"https:\/\/cyberzadi.net\/de\/projects-webpages\/?share=telegram\" target=\"_blank\" title=\"Klicken, um auf Telegram zu teilen\"><span><\/span><span class=\"sharing-screen-reader-text\">Klicken, um auf Telegram zu teilen (Wird in neuem Fenster ge\u00f6ffnet)<\/span><\/a><\/li><li class=\"share-jetpack-whatsapp\"><a rel=\"nofollow noopener noreferrer\" data-shared=\"\" class=\"share-jetpack-whatsapp sd-button share-icon no-text\" href=\"https:\/\/cyberzadi.net\/de\/projects-webpages\/?share=jetpack-whatsapp\" target=\"_blank\" title=\"Klicken, um auf WhatsApp zu teilen\"><span><\/span><span class=\"sharing-screen-reader-text\">Klicken, um auf WhatsApp zu teilen (Wird in neuem Fenster ge\u00f6ffnet)<\/span><\/a><\/li><li class=\"share-end\"><\/li><\/ul><\/div><\/div><\/div>","protected":false},"excerpt":{"rendered":"<p>NTown Productions Patrick Zadrobilek&#8217;s Film Produktion. Informationen \u00fcber Video Services, Produktions-Blog und Webshop mit LUTs, Produktivit\u00e4ts Applikationen und technische B\u00fccher&#8230;.<\/p>\n<div class=\"sharedaddy sd-sharing-enabled\"><div class=\"robots-nocontent sd-block sd-social sd-social-icon sd-sharing\"><h3 class=\"sd-title\">Share to CyberSpace<\/h3><div class=\"sd-content\"><ul><li class=\"share-twitter\"><a rel=\"nofollow noopener noreferrer\" data-shared=\"sharing-twitter-56\" class=\"share-twitter sd-button share-icon no-text\" href=\"https:\/\/cyberzadi.net\/de\/projects-webpages\/?share=twitter\" target=\"_blank\" title=\"Klick, um \u00fcber Twitter zu teilen\"><span><\/span><span class=\"sharing-screen-reader-text\">Klick, um \u00fcber Twitter zu teilen (Wird in neuem Fenster ge\u00f6ffnet)<\/span><\/a><\/li><li class=\"share-facebook\"><a rel=\"nofollow noopener noreferrer\" data-shared=\"sharing-facebook-56\" class=\"share-facebook sd-button share-icon no-text\" href=\"https:\/\/cyberzadi.net\/de\/projects-webpages\/?share=facebook\" target=\"_blank\" title=\"Klick, um auf Facebook zu teilen\"><span><\/span><span class=\"sharing-screen-reader-text\">Klick, um auf Facebook zu teilen (Wird in neuem Fenster ge\u00f6ffnet)<\/span><\/a><\/li><li class=\"share-linkedin\"><a rel=\"nofollow noopener noreferrer\" data-shared=\"sharing-linkedin-56\" class=\"share-linkedin sd-button share-icon no-text\" href=\"https:\/\/cyberzadi.net\/de\/projects-webpages\/?share=linkedin\" target=\"_blank\" title=\"Klick, um auf LinkedIn zu teilen\"><span><\/span><span class=\"sharing-screen-reader-text\">Klick, um auf LinkedIn zu teilen (Wird in neuem Fenster ge\u00f6ffnet)<\/span><\/a><\/li><li class=\"share-reddit\"><a rel=\"nofollow noopener noreferrer\" data-shared=\"\" class=\"share-reddit sd-button share-icon no-text\" href=\"https:\/\/cyberzadi.net\/de\/projects-webpages\/?share=reddit\" target=\"_blank\" title=\"Klick, um auf Reddit zu teilen\"><span><\/span><span class=\"sharing-screen-reader-text\">Klick, um auf Reddit zu teilen (Wird in neuem Fenster ge\u00f6ffnet)<\/span><\/a><\/li><li class=\"share-telegram\"><a rel=\"nofollow noopener noreferrer\" data-shared=\"\" class=\"share-telegram sd-button share-icon no-text\" href=\"https:\/\/cyberzadi.net\/de\/projects-webpages\/?share=telegram\" target=\"_blank\" title=\"Klicken, um auf Telegram zu teilen\"><span><\/span><span class=\"sharing-screen-reader-text\">Klicken, um auf Telegram zu teilen (Wird in neuem Fenster ge\u00f6ffnet)<\/span><\/a><\/li><li class=\"share-jetpack-whatsapp\"><a rel=\"nofollow noopener noreferrer\" data-shared=\"\" class=\"share-jetpack-whatsapp sd-button share-icon no-text\" href=\"https:\/\/cyberzadi.net\/de\/projects-webpages\/?share=jetpack-whatsapp\" target=\"_blank\" title=\"Klicken, um auf WhatsApp zu teilen\"><span><\/span><span class=\"sharing-screen-reader-text\">Klicken, um auf WhatsApp zu teilen (Wird in neuem Fenster ge\u00f6ffnet)<\/span><\/a><\/li><li class=\"share-end\"><\/li><\/ul><\/div><\/div><\/div>","protected":false},"author":1,"featured_media":0,"parent":0,"menu_order":0,"comment_status":"closed","ping_status":"closed","template":"","meta":{"spay_email":"","footnotes":""},"yoast_head":"<!-- This site is optimized with the Yoast SEO plugin v17.8 - https:\/\/yoast.com\/wordpress\/plugins\/seo\/ -->\n<meta name=\"description\" content=\"Other Projects &amp; WebPages from Patrick Zadrobilek.\" \/>\n<meta name=\"robots\" content=\"index, follow, max-snippet:-1, max-image-preview:large, max-video-preview:-1\" \/>\n<link rel=\"canonical\" href=\"https:\/\/cyberzadi.net\/de\/projects-webpages\/\" \/>\n<meta property=\"og:locale\" content=\"de_DE\" \/>\n<meta property=\"og:type\" content=\"article\" \/>\n<meta property=\"og:title\" content=\"Projekte &amp; Webseiten - CyberZadi\" \/>\n<meta property=\"og:description\" content=\"Other Projects &amp; WebPages from Patrick Zadrobilek.\" \/>\n<meta property=\"og:url\" content=\"https:\/\/cyberzadi.net\/de\/projects-webpages\/\" \/>\n<meta property=\"og:site_name\" content=\"CyberZadi\" \/>\n<meta property=\"article:publisher\" content=\"https:\/\/www.facebook.com\/patshi\" \/>\n<meta property=\"article:modified_time\" content=\"2026-02-27T09:25:51+00:00\" \/>\n<meta property=\"og:image\" content=\"https:\/\/cyberzadi.net\/wp-content\/uploads\/2023\/03\/NTownSmallStripD.png\" \/>\n<meta name=\"twitter:card\" content=\"summary_large_image\" \/>\n<meta name=\"twitter:site\" content=\"@PatrickZadro\" \/>\n<script type=\"application\/ld+json\" class=\"yoast-schema-graph\">{\"@context\":\"https:\/\/schema.org\",\"@graph\":[{\"@type\":\"Organization\",\"@id\":\"https:\/\/cyberzadi.net\/de\/#organization\",\"name\":\"(English) CyberZadi\",\"url\":\"https:\/\/cyberzadi.net\/de\/\",\"sameAs\":[\"https:\/\/www.facebook.com\/patshi\",\"https:\/\/www.instagram.com\/patrickzadro\/\",\"https:\/\/www.linkedin.com\/in\/patrick-zadrobilek\/\",\"https:\/\/www.youtube.com\/@PatrickZadrobilek\",\"https:\/\/twitter.com\/PatrickZadro\"],\"logo\":{\"@type\":\"ImageObject\",\"@id\":\"https:\/\/cyberzadi.net\/de\/#logo\",\"inLanguage\":\"de\",\"url\":\"https:\/\/cyberzadi.net\/wp-content\/uploads\/2023\/03\/CyberZadiLogoC_300px.png\",\"contentUrl\":\"https:\/\/cyberzadi.net\/wp-content\/uploads\/2023\/03\/CyberZadiLogoC_300px.png\",\"width\":300,\"height\":81,\"caption\":\"(English) CyberZadi\"},\"image\":{\"@id\":\"https:\/\/cyberzadi.net\/de\/#logo\"}},{\"@type\":\"WebSite\",\"@id\":\"https:\/\/cyberzadi.net\/de\/#website\",\"url\":\"https:\/\/cyberzadi.net\/de\/\",\"name\":\"CyberZadi\",\"description\":\"CyberZadi - Pers\\u00f6nliche Meinungen von Patrick Zadrobilek\",\"publisher\":{\"@id\":\"https:\/\/cyberzadi.net\/de\/#organization\"},\"potentialAction\":[{\"@type\":\"SearchAction\",\"target\":{\"@type\":\"EntryPoint\",\"urlTemplate\":\"https:\/\/cyberzadi.net\/de\/?s={search_term_string}\"},\"query-input\":\"required name=search_term_string\"}],\"inLanguage\":\"de\"},{\"@type\":\"ImageObject\",\"@id\":\"https:\/\/cyberzadi.net\/de\/projects-webpages\/#primaryimage\",\"inLanguage\":\"de\",\"url\":\"https:\/\/cyberzadi.net\/wp-content\/uploads\/2023\/03\/NTownSmallStripD.png\",\"contentUrl\":\"https:\/\/cyberzadi.net\/wp-content\/uploads\/2023\/03\/NTownSmallStripD.png\",\"width\":588,\"height\":70,\"caption\":\"NTown Productions\"},{\"@type\":\"WebPage\",\"@id\":\"https:\/\/cyberzadi.net\/de\/projects-webpages\/#webpage\",\"url\":\"https:\/\/cyberzadi.net\/de\/projects-webpages\/\",\"name\":\"Projekte & Webseiten - CyberZadi\",\"isPartOf\":{\"@id\":\"https:\/\/cyberzadi.net\/de\/#website\"},\"primaryImageOfPage\":{\"@id\":\"https:\/\/cyberzadi.net\/de\/projects-webpages\/#primaryimage\"},\"datePublished\":\"2023-03-08T08:35:36+00:00\",\"dateModified\":\"2026-02-27T09:25:51+00:00\",\"description\":\"Other Projects & WebPages from Patrick Zadrobilek.\",\"breadcrumb\":{\"@id\":\"https:\/\/cyberzadi.net\/de\/projects-webpages\/#breadcrumb\"},\"inLanguage\":\"de\",\"potentialAction\":[{\"@type\":\"ReadAction\",\"target\":[[\"https:\/\/cyberzadi.net\/de\/projects-webpages\/\"]]}]},{\"@type\":\"BreadcrumbList\",\"@id\":\"https:\/\/cyberzadi.net\/de\/projects-webpages\/#breadcrumb\",\"itemListElement\":[{\"@type\":\"ListItem\",\"position\":1,\"name\":\"Home\",\"item\":\"https:\/\/cyberzadi.net\/de\/\"},{\"@type\":\"ListItem\",\"position\":2,\"name\":\"Projects &#038; WebPages\"}]}]}<\/script>\n<!-- \/ Yoast SEO plugin. -->","yoast_head_json":{"description":"Other Projects & WebPages from Patrick Zadrobilek.","robots":{"index":"index","follow":"follow","max-snippet":"max-snippet:-1","max-image-preview":"max-image-preview:large","max-video-preview":"max-video-preview:-1"},"canonical":"https:\/\/cyberzadi.net\/de\/projects-webpages\/","og_locale":"de_DE","og_type":"article","og_title":"Projekte & Webseiten - CyberZadi","og_description":"Other Projects & WebPages from Patrick Zadrobilek.","og_url":"https:\/\/cyberzadi.net\/de\/projects-webpages\/","og_site_name":"CyberZadi","article_publisher":"https:\/\/www.facebook.com\/patshi","article_modified_time":"2026-02-27T09:25:51+00:00","og_image":[{"url":"https:\/\/cyberzadi.net\/wp-content\/uploads\/2023\/03\/NTownSmallStripD.png"}],"twitter_card":"summary_large_image","twitter_site":"@PatrickZadro","schema":{"@context":"https:\/\/schema.org","@graph":[{"@type":"Organization","@id":"https:\/\/cyberzadi.net\/de\/#organization","name":"(English) CyberZadi","url":"https:\/\/cyberzadi.net\/de\/","sameAs":["https:\/\/www.facebook.com\/patshi","https:\/\/www.instagram.com\/patrickzadro\/","https:\/\/www.linkedin.com\/in\/patrick-zadrobilek\/","https:\/\/www.youtube.com\/@PatrickZadrobilek","https:\/\/twitter.com\/PatrickZadro"],"logo":{"@type":"ImageObject","@id":"https:\/\/cyberzadi.net\/de\/#logo","inLanguage":"de","url":"https:\/\/cyberzadi.net\/wp-content\/uploads\/2023\/03\/CyberZadiLogoC_300px.png","contentUrl":"https:\/\/cyberzadi.net\/wp-content\/uploads\/2023\/03\/CyberZadiLogoC_300px.png","width":300,"height":81,"caption":"(English) CyberZadi"},"image":{"@id":"https:\/\/cyberzadi.net\/de\/#logo"}},{"@type":"WebSite","@id":"https:\/\/cyberzadi.net\/de\/#website","url":"https:\/\/cyberzadi.net\/de\/","name":"CyberZadi","description":"CyberZadi - Pers\u00f6nliche Meinungen von Patrick Zadrobilek","publisher":{"@id":"https:\/\/cyberzadi.net\/de\/#organization"},"potentialAction":[{"@type":"SearchAction","target":{"@type":"EntryPoint","urlTemplate":"https:\/\/cyberzadi.net\/de\/?s={search_term_string}"},"query-input":"required name=search_term_string"}],"inLanguage":"de"},{"@type":"ImageObject","@id":"https:\/\/cyberzadi.net\/de\/projects-webpages\/#primaryimage","inLanguage":"de","url":"https:\/\/cyberzadi.net\/wp-content\/uploads\/2023\/03\/NTownSmallStripD.png","contentUrl":"https:\/\/cyberzadi.net\/wp-content\/uploads\/2023\/03\/NTownSmallStripD.png","width":588,"height":70,"caption":"NTown Productions"},{"@type":"WebPage","@id":"https:\/\/cyberzadi.net\/de\/projects-webpages\/#webpage","url":"https:\/\/cyberzadi.net\/de\/projects-webpages\/","name":"Projekte & Webseiten - CyberZadi","isPartOf":{"@id":"https:\/\/cyberzadi.net\/de\/#website"},"primaryImageOfPage":{"@id":"https:\/\/cyberzadi.net\/de\/projects-webpages\/#primaryimage"},"datePublished":"2023-03-08T08:35:36+00:00","dateModified":"2026-02-27T09:25:51+00:00","description":"Other Projects & WebPages from Patrick Zadrobilek.","breadcrumb":{"@id":"https:\/\/cyberzadi.net\/de\/projects-webpages\/#breadcrumb"},"inLanguage":"de","potentialAction":[{"@type":"ReadAction","target":[["https:\/\/cyberzadi.net\/de\/projects-webpages\/"]]}]},{"@type":"BreadcrumbList","@id":"https:\/\/cyberzadi.net\/de\/projects-webpages\/#breadcrumb","itemListElement":[{"@type":"ListItem","position":1,"name":"Home","item":"https:\/\/cyberzadi.net\/de\/"},{"@type":"ListItem","position":2,"name":"Projects &#038; WebPages"}]}]}},"jetpack_sharing_enabled":true,"jetpack-related-posts":[{"id":171,"url":"https:\/\/cyberzadi.net\/de\/social-media\/","url_meta":{"origin":56,"position":0},"title":"Patrick Zadrobilek&#8217;s Social Media Feeds","date":"Dienstag, der 21. M\u00e4rz 2023","format":false,"excerpt":"Folgt mir auf meinen Social Media Kan\u00e4len https:\/\/twitter.com\/PatrickZadro https:\/\/www.instagram.com\/patrickzadro\/","rel":"","context":"\u00c4hnlicher Beitrag","img":{"alt_text":"","src":"","width":0,"height":0},"classes":[]},{"id":61,"url":"https:\/\/cyberzadi.net\/de\/about\/","url_meta":{"origin":56,"position":1},"title":"\u00dcber Mich","date":"Mittwoch, der  8. M\u00e4rz 2023","format":false,"excerpt":"... findet man Info auf der NTown Productions WebPage. Aber auch in den Artikeln die einen Bezug zu mir haben. Vielleicht auch bald mehr hier.","rel":"","context":"\u00c4hnlicher Beitrag","img":{"alt_text":"","src":"","width":0,"height":0},"classes":[]},{"id":64,"url":"https:\/\/cyberzadi.net\/de\/contact\/","url_meta":{"origin":56,"position":2},"title":"Kontakt","date":"Mittwoch, der  8. M\u00e4rz 2023","format":false,"excerpt":"Wenn Dich etwas besch\u00e4ftig, senden Sie mir eine Nachricht:","rel":"","context":"\u00c4hnlicher Beitrag","img":{"alt_text":"","src":"","width":0,"height":0},"classes":[]},{"id":180,"url":"https:\/\/cyberzadi.net\/de\/zadiart\/","url_meta":{"origin":56,"position":3},"title":"ZadiArt","date":"Donnerstag, der 30. M\u00e4rz 2023","format":false,"excerpt":"Kunst liegt im Auge des Betrachters - in meinem steckt ein eitriges Pixel SOCIAL MEDIA HEADER COLLECTION","rel":"","context":"\u00c4hnlicher Beitrag","img":{"alt_text":"","src":"","width":0,"height":0},"classes":[]},{"id":128,"url":"https:\/\/cyberzadi.net\/de\/newsletter\/","url_meta":{"origin":56,"position":4},"title":"CyberZadi Newsletter","date":"Freitag, der 10. M\u00e4rz 2023","format":false,"excerpt":"Abonnieren Sie unseren Newsletter f\u00fcr die neuesten Blog Posts. \u00a0 BITTE \u00dcBERPR\u00dcFEN SIE DIE BEST\u00c4TIGUNS E-MAIL NACH DEM SUBSCRIBEN, SIE K\u00d6NNTE AUCH IM SPAM ORDNER GELANDET SEIN. \u00a0 Mit dem Hinzuf\u00fcgen unserer Newsletter E-Mail-Adresse newsletter@cyberzadi.net zu Ihrem Adressbuch wird verhindert da\u00df unser Newsletter ungewollt im Spam-Ordner landet. Vielen Dank :)\u2026","rel":"","context":"\u00c4hnlicher Beitrag","img":{"alt_text":"","src":"","width":0,"height":0},"classes":[]},{"id":45,"url":"https:\/\/cyberzadi.net\/de\/styling-test-page\/","url_meta":{"origin":56,"position":5},"title":"Styling Test Page","date":"Dienstag, der  7. M\u00e4rz 2023","format":false,"excerpt":"Leider ist der Eintrag nur auf English verf\u00fcgbar.","rel":"","context":"\u00c4hnlicher Beitrag","img":{"alt_text":"","src":"","width":0,"height":0},"classes":[]}],"_links":{"self":[{"href":"https:\/\/cyberzadi.net\/de\/wp-json\/wp\/v2\/pages\/56"}],"collection":[{"href":"https:\/\/cyberzadi.net\/de\/wp-json\/wp\/v2\/pages"}],"about":[{"href":"https:\/\/cyberzadi.net\/de\/wp-json\/wp\/v2\/types\/page"}],"author":[{"embeddable":true,"href":"https:\/\/cyberzadi.net\/de\/wp-json\/wp\/v2\/users\/1"}],"replies":[{"embeddable":true,"href":"https:\/\/cyberzadi.net\/de\/wp-json\/wp\/v2\/comments?post=56"}],"version-history":[{"count":17,"href":"https:\/\/cyberzadi.net\/de\/wp-json\/wp\/v2\/pages\/56\/revisions"}],"predecessor-version":[{"id":418,"href":"https:\/\/cyberzadi.net\/de\/wp-json\/wp\/v2\/pages\/56\/revisions\/418"}],"wp:attachment":[{"href":"https:\/\/cyberzadi.net\/de\/wp-json\/wp\/v2\/media?parent=56"}],"curies":[{"name":"wp","href":"https:\/\/api.w.org\/{rel}","templated":true}]}}