{"id":83,"date":"2023-03-08T15:20:26","date_gmt":"2023-03-08T14:20:26","guid":{"rendered":"https:\/\/cyberzadi.net\/?page_id=83"},"modified":"2023-03-08T16:02:48","modified_gmt":"2023-03-08T15:02:48","slug":"socmedia","status":"publish","type":"page","link":"https:\/\/cyberzadi.net\/de\/socmedia\/","title":{"rendered":"PJZ Social Media Art"},"content":{"rendered":"<div class=\"sharedaddy sd-sharing-enabled\"><div class=\"robots-nocontent sd-block sd-social sd-social-icon sd-sharing\"><h3 class=\"sd-title\">Share to CyberSpace<\/h3><div class=\"sd-content\"><ul><li class=\"share-twitter\"><a rel=\"nofollow noopener noreferrer\" data-shared=\"sharing-twitter-83\" class=\"share-twitter sd-button share-icon no-text\" href=\"https:\/\/cyberzadi.net\/de\/socmedia\/?share=twitter\" target=\"_blank\" title=\"Klick, um \u00fcber Twitter zu teilen\"><span><\/span><span class=\"sharing-screen-reader-text\">Klick, um \u00fcber Twitter zu teilen (Wird in neuem Fenster ge\u00f6ffnet)<\/span><\/a><\/li><li class=\"share-facebook\"><a rel=\"nofollow noopener noreferrer\" data-shared=\"sharing-facebook-83\" class=\"share-facebook sd-button share-icon no-text\" href=\"https:\/\/cyberzadi.net\/de\/socmedia\/?share=facebook\" target=\"_blank\" title=\"Klick, um auf Facebook zu teilen\"><span><\/span><span class=\"sharing-screen-reader-text\">Klick, um auf Facebook zu teilen (Wird in neuem Fenster ge\u00f6ffnet)<\/span><\/a><\/li><li class=\"share-linkedin\"><a rel=\"nofollow noopener noreferrer\" data-shared=\"sharing-linkedin-83\" class=\"share-linkedin sd-button share-icon no-text\" href=\"https:\/\/cyberzadi.net\/de\/socmedia\/?share=linkedin\" target=\"_blank\" title=\"Klick, um auf LinkedIn zu teilen\"><span><\/span><span class=\"sharing-screen-reader-text\">Klick, um auf LinkedIn zu teilen (Wird in neuem Fenster ge\u00f6ffnet)<\/span><\/a><\/li><li class=\"share-reddit\"><a rel=\"nofollow noopener noreferrer\" data-shared=\"\" class=\"share-reddit sd-button share-icon no-text\" href=\"https:\/\/cyberzadi.net\/de\/socmedia\/?share=reddit\" target=\"_blank\" title=\"Klick, um auf Reddit zu teilen\"><span><\/span><span class=\"sharing-screen-reader-text\">Klick, um auf Reddit zu teilen (Wird in neuem Fenster ge\u00f6ffnet)<\/span><\/a><\/li><li class=\"share-telegram\"><a rel=\"nofollow noopener noreferrer\" data-shared=\"\" class=\"share-telegram sd-button share-icon no-text\" href=\"https:\/\/cyberzadi.net\/de\/socmedia\/?share=telegram\" target=\"_blank\" title=\"Klicken, um auf Telegram zu teilen\"><span><\/span><span class=\"sharing-screen-reader-text\">Klicken, um auf Telegram zu teilen (Wird in neuem Fenster ge\u00f6ffnet)<\/span><\/a><\/li><li class=\"share-jetpack-whatsapp\"><a rel=\"nofollow noopener noreferrer\" data-shared=\"\" class=\"share-jetpack-whatsapp sd-button share-icon no-text\" href=\"https:\/\/cyberzadi.net\/de\/socmedia\/?share=jetpack-whatsapp\" target=\"_blank\" title=\"Klicken, um auf WhatsApp zu teilen\"><span><\/span><span class=\"sharing-screen-reader-text\">Klicken, um auf WhatsApp zu teilen (Wird in neuem Fenster ge\u00f6ffnet)<\/span><\/a><\/li><li class=\"share-end\"><\/li><\/ul><\/div><\/div><\/div>","protected":false},"excerpt":{"rendered":"<div class=\"sharedaddy sd-sharing-enabled\"><div class=\"robots-nocontent sd-block sd-social sd-social-icon sd-sharing\"><h3 class=\"sd-title\">Share to CyberSpace<\/h3><div class=\"sd-content\"><ul><li class=\"share-twitter\"><a rel=\"nofollow noopener noreferrer\" data-shared=\"sharing-twitter-83\" class=\"share-twitter sd-button share-icon no-text\" href=\"https:\/\/cyberzadi.net\/de\/socmedia\/?share=twitter\" target=\"_blank\" title=\"Klick, um \u00fcber Twitter zu teilen\"><span><\/span><span class=\"sharing-screen-reader-text\">Klick, um \u00fcber Twitter zu teilen (Wird in neuem Fenster ge\u00f6ffnet)<\/span><\/a><\/li><li class=\"share-facebook\"><a rel=\"nofollow noopener noreferrer\" data-shared=\"sharing-facebook-83\" class=\"share-facebook sd-button share-icon no-text\" href=\"https:\/\/cyberzadi.net\/de\/socmedia\/?share=facebook\" target=\"_blank\" title=\"Klick, um auf Facebook zu teilen\"><span><\/span><span class=\"sharing-screen-reader-text\">Klick, um auf Facebook zu teilen (Wird in neuem Fenster ge\u00f6ffnet)<\/span><\/a><\/li><li class=\"share-linkedin\"><a rel=\"nofollow noopener noreferrer\" data-shared=\"sharing-linkedin-83\" class=\"share-linkedin sd-button share-icon no-text\" href=\"https:\/\/cyberzadi.net\/de\/socmedia\/?share=linkedin\" target=\"_blank\" title=\"Klick, um auf LinkedIn zu teilen\"><span><\/span><span class=\"sharing-screen-reader-text\">Klick, um auf LinkedIn zu teilen (Wird in neuem Fenster ge\u00f6ffnet)<\/span><\/a><\/li><li class=\"share-reddit\"><a rel=\"nofollow noopener noreferrer\" data-shared=\"\" class=\"share-reddit sd-button share-icon no-text\" href=\"https:\/\/cyberzadi.net\/de\/socmedia\/?share=reddit\" target=\"_blank\" title=\"Klick, um auf Reddit zu teilen\"><span><\/span><span class=\"sharing-screen-reader-text\">Klick, um auf Reddit zu teilen (Wird in neuem Fenster ge\u00f6ffnet)<\/span><\/a><\/li><li class=\"share-telegram\"><a rel=\"nofollow noopener noreferrer\" data-shared=\"\" class=\"share-telegram sd-button share-icon no-text\" href=\"https:\/\/cyberzadi.net\/de\/socmedia\/?share=telegram\" target=\"_blank\" title=\"Klicken, um auf Telegram zu teilen\"><span><\/span><span class=\"sharing-screen-reader-text\">Klicken, um auf Telegram zu teilen (Wird in neuem Fenster ge\u00f6ffnet)<\/span><\/a><\/li><li class=\"share-jetpack-whatsapp\"><a rel=\"nofollow noopener noreferrer\" data-shared=\"\" class=\"share-jetpack-whatsapp sd-button share-icon no-text\" href=\"https:\/\/cyberzadi.net\/de\/socmedia\/?share=jetpack-whatsapp\" target=\"_blank\" title=\"Klicken, um auf WhatsApp zu teilen\"><span><\/span><span class=\"sharing-screen-reader-text\">Klicken, um auf WhatsApp zu teilen (Wird in neuem Fenster ge\u00f6ffnet)<\/span><\/a><\/li><li class=\"share-end\"><\/li><\/ul><\/div><\/div><\/div>","protected":false},"author":1,"featured_media":0,"parent":0,"menu_order":0,"comment_status":"closed","ping_status":"closed","template":"template-works.php","meta":{"spay_email":"","footnotes":""},"yoast_head":"<!-- This site is optimized with the Yoast SEO plugin v17.8 - https:\/\/yoast.com\/wordpress\/plugins\/seo\/ -->\n<meta name=\"robots\" content=\"index, follow, max-snippet:-1, max-image-preview:large, max-video-preview:-1\" \/>\n<link rel=\"canonical\" href=\"https:\/\/cyberzadi.net\/de\/socmedia\/\" \/>\n<meta property=\"og:locale\" content=\"de_DE\" \/>\n<meta property=\"og:type\" content=\"article\" \/>\n<meta property=\"og:title\" content=\"PJZ Social Media Art - CyberZadi\" \/>\n<meta property=\"og:url\" content=\"https:\/\/cyberzadi.net\/de\/socmedia\/\" \/>\n<meta property=\"og:site_name\" content=\"CyberZadi\" \/>\n<meta property=\"article:publisher\" content=\"https:\/\/www.facebook.com\/patshi\" \/>\n<meta property=\"article:modified_time\" content=\"2023-03-08T15:02:48+00:00\" \/>\n<meta name=\"twitter:card\" content=\"summary_large_image\" \/>\n<meta name=\"twitter:site\" content=\"@PatrickZadro\" \/>\n<script type=\"application\/ld+json\" class=\"yoast-schema-graph\">{\"@context\":\"https:\/\/schema.org\",\"@graph\":[{\"@type\":\"Organization\",\"@id\":\"https:\/\/cyberzadi.net\/de\/#organization\",\"name\":\"(English) CyberZadi\",\"url\":\"https:\/\/cyberzadi.net\/de\/\",\"sameAs\":[\"https:\/\/www.facebook.com\/patshi\",\"https:\/\/www.instagram.com\/patrickzadro\/\",\"https:\/\/www.linkedin.com\/in\/patrick-zadrobilek\/\",\"https:\/\/www.youtube.com\/@PatrickZadrobilek\",\"https:\/\/twitter.com\/PatrickZadro\"],\"logo\":{\"@type\":\"ImageObject\",\"@id\":\"https:\/\/cyberzadi.net\/de\/#logo\",\"inLanguage\":\"de\",\"url\":\"https:\/\/cyberzadi.net\/wp-content\/uploads\/2023\/03\/CyberZadiLogoC_300px.png\",\"contentUrl\":\"https:\/\/cyberzadi.net\/wp-content\/uploads\/2023\/03\/CyberZadiLogoC_300px.png\",\"width\":300,\"height\":81,\"caption\":\"(English) CyberZadi\"},\"image\":{\"@id\":\"https:\/\/cyberzadi.net\/de\/#logo\"}},{\"@type\":\"WebSite\",\"@id\":\"https:\/\/cyberzadi.net\/de\/#website\",\"url\":\"https:\/\/cyberzadi.net\/de\/\",\"name\":\"CyberZadi\",\"description\":\"CyberZadi - Pers\\u00f6nliche Meinungen von Patrick Zadrobilek\",\"publisher\":{\"@id\":\"https:\/\/cyberzadi.net\/de\/#organization\"},\"potentialAction\":[{\"@type\":\"SearchAction\",\"target\":{\"@type\":\"EntryPoint\",\"urlTemplate\":\"https:\/\/cyberzadi.net\/de\/?s={search_term_string}\"},\"query-input\":\"required name=search_term_string\"}],\"inLanguage\":\"de\"},{\"@type\":\"WebPage\",\"@id\":\"https:\/\/cyberzadi.net\/de\/socmedia\/#webpage\",\"url\":\"https:\/\/cyberzadi.net\/de\/socmedia\/\",\"name\":\"PJZ Social Media Art - CyberZadi\",\"isPartOf\":{\"@id\":\"https:\/\/cyberzadi.net\/de\/#website\"},\"datePublished\":\"2023-03-08T14:20:26+00:00\",\"dateModified\":\"2023-03-08T15:02:48+00:00\",\"breadcrumb\":{\"@id\":\"https:\/\/cyberzadi.net\/de\/socmedia\/#breadcrumb\"},\"inLanguage\":\"de\",\"potentialAction\":[{\"@type\":\"ReadAction\",\"target\":[[\"https:\/\/cyberzadi.net\/de\/socmedia\/\"]]}]},{\"@type\":\"BreadcrumbList\",\"@id\":\"https:\/\/cyberzadi.net\/de\/socmedia\/#breadcrumb\",\"itemListElement\":[{\"@type\":\"ListItem\",\"position\":1,\"name\":\"Home\",\"item\":\"https:\/\/cyberzadi.net\/de\/\"},{\"@type\":\"ListItem\",\"position\":2,\"name\":\"PJZ Social Media Art\"}]}]}<\/script>\n<!-- \/ Yoast SEO plugin. -->","yoast_head_json":{"robots":{"index":"index","follow":"follow","max-snippet":"max-snippet:-1","max-image-preview":"max-image-preview:large","max-video-preview":"max-video-preview:-1"},"canonical":"https:\/\/cyberzadi.net\/de\/socmedia\/","og_locale":"de_DE","og_type":"article","og_title":"PJZ Social Media Art - CyberZadi","og_url":"https:\/\/cyberzadi.net\/de\/socmedia\/","og_site_name":"CyberZadi","article_publisher":"https:\/\/www.facebook.com\/patshi","article_modified_time":"2023-03-08T15:02:48+00:00","twitter_card":"summary_large_image","twitter_site":"@PatrickZadro","schema":{"@context":"https:\/\/schema.org","@graph":[{"@type":"Organization","@id":"https:\/\/cyberzadi.net\/de\/#organization","name":"(English) CyberZadi","url":"https:\/\/cyberzadi.net\/de\/","sameAs":["https:\/\/www.facebook.com\/patshi","https:\/\/www.instagram.com\/patrickzadro\/","https:\/\/www.linkedin.com\/in\/patrick-zadrobilek\/","https:\/\/www.youtube.com\/@PatrickZadrobilek","https:\/\/twitter.com\/PatrickZadro"],"logo":{"@type":"ImageObject","@id":"https:\/\/cyberzadi.net\/de\/#logo","inLanguage":"de","url":"https:\/\/cyberzadi.net\/wp-content\/uploads\/2023\/03\/CyberZadiLogoC_300px.png","contentUrl":"https:\/\/cyberzadi.net\/wp-content\/uploads\/2023\/03\/CyberZadiLogoC_300px.png","width":300,"height":81,"caption":"(English) CyberZadi"},"image":{"@id":"https:\/\/cyberzadi.net\/de\/#logo"}},{"@type":"WebSite","@id":"https:\/\/cyberzadi.net\/de\/#website","url":"https:\/\/cyberzadi.net\/de\/","name":"CyberZadi","description":"CyberZadi - Pers\u00f6nliche Meinungen von Patrick Zadrobilek","publisher":{"@id":"https:\/\/cyberzadi.net\/de\/#organization"},"potentialAction":[{"@type":"SearchAction","target":{"@type":"EntryPoint","urlTemplate":"https:\/\/cyberzadi.net\/de\/?s={search_term_string}"},"query-input":"required name=search_term_string"}],"inLanguage":"de"},{"@type":"WebPage","@id":"https:\/\/cyberzadi.net\/de\/socmedia\/#webpage","url":"https:\/\/cyberzadi.net\/de\/socmedia\/","name":"PJZ Social Media Art - CyberZadi","isPartOf":{"@id":"https:\/\/cyberzadi.net\/de\/#website"},"datePublished":"2023-03-08T14:20:26+00:00","dateModified":"2023-03-08T15:02:48+00:00","breadcrumb":{"@id":"https:\/\/cyberzadi.net\/de\/socmedia\/#breadcrumb"},"inLanguage":"de","potentialAction":[{"@type":"ReadAction","target":[["https:\/\/cyberzadi.net\/de\/socmedia\/"]]}]},{"@type":"BreadcrumbList","@id":"https:\/\/cyberzadi.net\/de\/socmedia\/#breadcrumb","itemListElement":[{"@type":"ListItem","position":1,"name":"Home","item":"https:\/\/cyberzadi.net\/de\/"},{"@type":"ListItem","position":2,"name":"PJZ Social Media Art"}]}]}},"jetpack_sharing_enabled":true,"jetpack-related-posts":[{"id":64,"url":"https:\/\/cyberzadi.net\/de\/contact\/","url_meta":{"origin":83,"position":0},"title":"Kontakt","date":"Mittwoch, der  8. M\u00e4rz 2023","format":false,"excerpt":"Wenn Dich etwas besch\u00e4ftig, senden Sie mir eine Nachricht:","rel":"","context":"\u00c4hnlicher Beitrag","img":{"alt_text":"","src":"","width":0,"height":0},"classes":[]},{"id":180,"url":"https:\/\/cyberzadi.net\/de\/zadiart\/","url_meta":{"origin":83,"position":1},"title":"ZadiArt","date":"Donnerstag, der 30. M\u00e4rz 2023","format":false,"excerpt":"Kunst liegt im Auge des Betrachters - in meinem steckt ein eitriges Pixel SOCIAL MEDIA HEADER COLLECTION","rel":"","context":"\u00c4hnlicher Beitrag","img":{"alt_text":"","src":"","width":0,"height":0},"classes":[]},{"id":171,"url":"https:\/\/cyberzadi.net\/de\/social-media\/","url_meta":{"origin":83,"position":2},"title":"Patrick Zadrobilek&#8217;s Social Media Feeds","date":"Dienstag, der 21. M\u00e4rz 2023","format":false,"excerpt":"Folgt mir auf meinen Social Media Kan\u00e4len https:\/\/twitter.com\/PatrickZadro https:\/\/www.instagram.com\/patrickzadro\/","rel":"","context":"\u00c4hnlicher Beitrag","img":{"alt_text":"","src":"","width":0,"height":0},"classes":[]},{"id":3,"url":"https:\/\/cyberzadi.net\/de\/privacy-policy\/","url_meta":{"origin":83,"position":3},"title":"Privacy Policy","date":"Sonntag, der 19. Februar 2023","format":false,"excerpt":"Who we are Our website address is: http:\/\/cyberzadi.net.Comments When visitors leave comments on the site we collect the data shown in the comments form, and also the visitor\u2019s IP address and browser user agent string to help spam detection.An anonymized string created from your email address (also called a hash)\u2026","rel":"","context":"\u00c4hnlicher Beitrag","img":{"alt_text":"","src":"","width":0,"height":0},"classes":[]}],"_links":{"self":[{"href":"https:\/\/cyberzadi.net\/de\/wp-json\/wp\/v2\/pages\/83"}],"collection":[{"href":"https:\/\/cyberzadi.net\/de\/wp-json\/wp\/v2\/pages"}],"about":[{"href":"https:\/\/cyberzadi.net\/de\/wp-json\/wp\/v2\/types\/page"}],"author":[{"embeddable":true,"href":"https:\/\/cyberzadi.net\/de\/wp-json\/wp\/v2\/users\/1"}],"replies":[{"embeddable":true,"href":"https:\/\/cyberzadi.net\/de\/wp-json\/wp\/v2\/comments?post=83"}],"version-history":[{"count":4,"href":"https:\/\/cyberzadi.net\/de\/wp-json\/wp\/v2\/pages\/83\/revisions"}],"predecessor-version":[{"id":91,"href":"https:\/\/cyberzadi.net\/de\/wp-json\/wp\/v2\/pages\/83\/revisions\/91"}],"wp:attachment":[{"href":"https:\/\/cyberzadi.net\/de\/wp-json\/wp\/v2\/media?parent=83"}],"curies":[{"name":"wp","href":"https:\/\/api.w.org\/{rel}","templated":true}]}}